{"id":151029,"date":"2025-01-15T11:03:16","date_gmt":"2025-01-15T10:03:16","guid":{"rendered":"https:\/\/hotelclosgalion.fr\/formules-business\/"},"modified":"2025-05-26T15:58:30","modified_gmt":"2025-05-26T13:58:30","slug":"formules-business","status":"publish","type":"page","link":"https:\/\/hotelclosgalion.fr\/de\/formules-business\/","title":{"rendered":"Business-Formeln"},"content":{"rendered":"","protected":false},"excerpt":{"rendered":"","protected":false},"author":1,"featured_media":0,"parent":0,"menu_order":39,"comment_status":"closed","ping_status":"closed","template":"","meta":{"_acf_changed":false,"_seopress_robots_primary_cat":"","_seopress_titles_title":"Gesch\u00e4ftsformeln im Hotel Clos Galion","_seopress_titles_desc":"Optimieren Sie Ihre Gesch\u00e4ftsreisen im Clos Galion: ma\u00dfgeschneiderte Business-Pakete, Komfort und pers\u00f6nlicher Service im Herzen der K\u00fcste.","_seopress_robots_index":"","inline_featured_image":false,"gt_fse_maillage_image":"","gt_fse_maillage_titre":"Business-Formeln","gt_fse_maillage_alt":"Business-Formeln","gt_fse_maillage_resume":"","_gt_maillage_image":0,"_gt_maillage_video":0,"_gt_maillage_title":"","footnotes":""},"categories":[],"tags":[],"class_list":["post-151029","page","type-page","status-publish"],"acf":[],"_links":{"self":[{"href":"https:\/\/hotelclosgalion.fr\/de\/wp-json\/wp\/v2\/pages\/151029","targetHints":{"allow":["GET"]}}],"collection":[{"href":"https:\/\/hotelclosgalion.fr\/de\/wp-json\/wp\/v2\/pages"}],"about":[{"href":"https:\/\/hotelclosgalion.fr\/de\/wp-json\/wp\/v2\/types\/page"}],"author":[{"embeddable":true,"href":"https:\/\/hotelclosgalion.fr\/de\/wp-json\/wp\/v2\/users\/1"}],"replies":[{"embeddable":true,"href":"https:\/\/hotelclosgalion.fr\/de\/wp-json\/wp\/v2\/comments?post=151029"}],"version-history":[{"count":1,"href":"https:\/\/hotelclosgalion.fr\/de\/wp-json\/wp\/v2\/pages\/151029\/revisions"}],"predecessor-version":[{"id":155261,"href":"https:\/\/hotelclosgalion.fr\/de\/wp-json\/wp\/v2\/pages\/151029\/revisions\/155261"}],"wp:attachment":[{"href":"https:\/\/hotelclosgalion.fr\/de\/wp-json\/wp\/v2\/media?parent=151029"}],"wp:term":[{"taxonomy":"category","embeddable":true,"href":"https:\/\/hotelclosgalion.fr\/de\/wp-json\/wp\/v2\/categories?post=151029"},{"taxonomy":"post_tag","embeddable":true,"href":"https:\/\/hotelclosgalion.fr\/de\/wp-json\/wp\/v2\/tags?post=151029"}],"curies":[{"name":"wp","href":"https:\/\/api.w.org\/{rel}","templated":true}]}}