{"id":146932,"date":"2024-12-26T14:08:45","date_gmt":"2024-12-26T13:08:45","guid":{"rendered":"https:\/\/hotelclosgalion.fr\/legale-erwaehnungen\/"},"modified":"2026-04-01T16:29:42","modified_gmt":"2026-04-01T14:29:42","slug":"legale-erwaehnungen","status":"publish","type":"page","link":"https:\/\/hotelclosgalion.fr\/de\/legale-erwaehnungen\/","title":{"rendered":"Rechtliche Hinweise"},"content":{"rendered":"\n<div class=\"wp-block-group alignfull has-global-padding is-layout-constrained wp-container-core-group-is-layout-73e2de76 wp-block-group-is-layout-constrained\" style=\"padding-top:84px;padding-bottom:var(--wp--preset--spacing--40)\">\n<div class=\"wp-block-columns alignwide are-vertically-aligned-center is-layout-flex wp-container-core-columns-is-layout-a85f4655 wp-block-columns-is-layout-flex\">\n<div class=\"wp-block-column is-layout-flow wp-block-column-is-layout-flow\">\n<h1 class=\"wp-block-heading alignwide has-text-align-center\">Rechtliche Hinweise<\/h1>\n\n\n\n<h2 class=\"wp-block-heading ls-heading\">Verantwortlich f\u00fcr die Website<\/h2>\n\n\n\n<p class=\"ls-paragraph\"><strong>L&#8217;ARMATEUR DU SOLEIL<\/strong><strong>(SARL<\/strong>) <br \/>11 RUE DU FENOUIL &#8211; 66600 RIVESALTES <br \/>Tel. <mark style=\"background-color:#d8613c\" class=\"has-inline-color\">\u00c0 VENIR<\/mark> <br \/>Email: contact@larmateurdusoleil.fr <br \/>SIREN: 452 293 954 <br \/>Intrakommunale Mehrwertsteuer: FR90452293954 <br \/>Gesellschaftskapital: 8045\u20ac <br \/>Verantwortlich f\u00fcr die Ver\u00f6ffentlichung: <mark style=\"background-color:#d8613c\" class=\"has-inline-color\">\u00c0 VENIR<\/mark><\/p>\n\n\n\n<h2 class=\"wp-block-heading ls-heading\">REALISIERUNG<\/h2>\n\n\n\n<p class=\"ls-paragraph\"><strong>GEEK TONIC<\/strong><br \/>Vertreten durch Herrn Yohan Darmayan in seiner Eigenschaft als Gesch\u00e4ftsf\u00fchrer<br \/>Gesch\u00e4ftssitz: 50 AV. DU LAC MARION 64200 BIARRITZ<br \/>Tel.: 05 32 74 11 52<br \/>E-mail: support@geek-tonic.com<br \/>Website: <a href=\"https:\/\/www.geek-tonic.com\/\" target=\"_blank\" rel=\"noopener\">www.geek-tonic.com<\/a><br \/>SIRET: 89746755100015<br \/>APE: 6201Z <\/p>\n\n\n\n<h2 class=\"wp-block-heading ls-heading\">URHEBERRECHT UND COPYRIGHTS<\/h2>\n\n\n\n<p class=\"ls-paragraph\">Der gesamte Inhalt dieser Website unterliegt dem Urheberrecht sowie dem geistigen Eigentum der franz\u00f6sischen Gesetzgebung. Jede Vervielf\u00e4ltigung (einschlie\u00dflich Fotos, Icons und herunterladbarer Dokumente) ist ohne vorherige Zustimmung von GEEK TONIC untersagt. Die Vervielf\u00e4ltigung der gesamten oder eines Teils der Website in Papier- oder elektronischem Format auf einem elektronischen Datentr\u00e4ger ist verboten. GEEK TONIC \u00fcbernimmt keine Verantwortung f\u00fcr die Inhalte auf der Website. GEEK TONIC \u00fcbernimmt auch keine Verantwortung f\u00fcr externe Links, die auf diese Website verweisen.   <\/p>\n\n\n\n<h2 class=\"wp-block-heading ls-heading\" id=\"m-t-6\">PERS\u00d6NLICHE DATEN UND NAMENTLICHE INFORMATIONEN<\/h2>\n\n\n\n<p class=\"ls-paragraph\">Sie haben ein Recht auf Zugang, \u00c4nderung, Berichtigung und L\u00f6schung der Sie betreffenden Daten gem\u00e4\u00df Artikel 34 des Gesetzes &#8222;Informatique et Libert\u00e9s&#8220; Nr. 78-17 vom 6. Januar 1978, ge\u00e4ndert am 6. August 2018. Um dieses Zugangsrecht auszu\u00fcben, k\u00f6nnen Sie eine einfache schriftliche Anfrage an den Herausgeber der Website richten. <\/p>\n\n\n\n<h2 class=\"wp-block-heading ls-heading\">RECHTSGESETZE<\/h2>\n\n\n\n<p class=\"ls-paragraph\">Gem\u00e4\u00df dem Gesetz vom 11. M\u00e4rz 1957 (Art. 41) und dem Gesetzbuch \u00fcber geistiges Eigentum vom 1. Juli 1992 ist es verboten, einen Teil der Website ohne vorherige Genehmigung des Herausgebers der Website teilweise oder vollst\u00e4ndig zu reproduzieren. Die Logos, Bilder, Fotos, Videos, Grafiken und Texte sind Eigentum ihrer jeweiligen Besitzer. Diese Website kann ohne sein Wissen mit anderen Websites \u00fcber Hypermedia-Links verbunden sein. Der Herausgeber der Website lehnt jede Verantwortung f\u00fcr die Informationen auf diesen anderen Websites ab. Der Internetnutzer erkennt an, dass die Nutzung dieser Website dem franz\u00f6sischen Recht unterliegt.    <\/p>\n<\/div>\n<\/div>\n<\/div>\n\n<div class=\"wp-block-group alignwide has-global-padding is-layout-constrained wp-block-group-is-layout-constrained\">\n<div style=\"height:227px\" aria-hidden=\"true\" class=\"wp-block-spacer gt-hide-mobile\"><\/div>\n\n\n\n<div class=\"wp-block-group alignwide has-global-padding is-layout-constrained wp-block-group-is-layout-constrained\">\n<h2 class=\"wp-block-heading has-text-align-center has-brother-1816-font-family gt-gsap-fadeIn\">Hotel- und Wellnessleistungen unseres Hotels<\/h2>\n\n\n\n<div style=\"height:32px\" aria-hidden=\"true\" class=\"wp-block-spacer gt-hide-mobile\"><\/div>\n\n\n\n<div class=\"wp-block-query alignwide is-layout-flow wp-block-query-is-layout-flow\"><ul class=\"columns-3 wp-block-post-template is-layout-grid wp-container-core-post-template-is-layout-d8e92c25 wp-block-post-template-is-layout-grid\"><li class=\"wp-block-post post-146972 page type-page status-publish has-post-thumbnail\">\n<a style=\"--color-bkg-hover:#1212128c;\" href=\"https:\/\/hotelclosgalion.fr\/de\/location-chambre-ile-de-re\/\"    class=\"gt-maillage-custom wp-block-tiptip-hyperlink-group-block\" >\n<figure class=\"wp-block-image\"><img decoding=\"async\" src=\"https:\/\/hotelclosgalion.fr\/wp-content\/uploads\/sites\/6\/2025\/02\/chambre-hotel-le-clos-du-galion-e1739271006592.webp\" alt=\"Zimmer &amp; Suiten\" style=\"aspect-ratio:3\/4;object-fit:cover\" \/><\/figure>\n\n<figure class=\"wp-block-image size-full is-resized gt-maillage-custom__logo\"><img data-dominant-color=\"ffffff\" data-has-transparency=\"true\" decoding=\"async\" sizes=\"(max-width: 120px) 100vw, 120px\" src=\"https:\/\/hotelclosgalion.fr\/wp-content\/uploads\/sites\/4\/2025\/01\/hotel-galion-ile-de-re-logo.png\" alt=\"hotel galion ile de re logo\" class=\"wp-image-1562 has-transparency\" style=\"--dominant-color: #ffffff; width:120px;height:auto\" \/><\/figure>\n\n<div class=\"wp-block-group gt-maillage-custom__content has-base-color has-text-color has-link-color wp-elements-6905b5a23226fd6f796a0e8dd17b55c1 has-global-padding is-layout-constrained wp-container-core-group-is-layout-86dba5ee wp-block-group-is-layout-constrained\" style=\"padding-top:var(--wp--preset--spacing--10);padding-right:var(--wp--preset--spacing--10);padding-bottom:var(--wp--preset--spacing--10);padding-left:var(--wp--preset--spacing--10)\">\n<div class=\"wp-block-group is-content-justification-space-between is-nowrap is-layout-flex wp-container-core-group-is-layout-cb46ffcb wp-block-group-is-layout-flex\">\n<div class=\"wp-block-group is-vertical is-layout-flex wp-container-core-group-is-layout-4b827052 wp-block-group-is-layout-flex\"><p class=\"has-text-align-left has-brother-1816-font-family has-large-font-size\" style=\"margin-top:0;margin-bottom:0;font-style:normal;font-weight:400;line-height:1;text-transform:uppercase\">Zimmer &amp; Suiten<\/p><\/div>\n\n\n\n<figure class=\"wp-block-image size-large is-resized\"><svg xmlns=\"http:\/\/www.w3.org\/2000\/svg\" width=\"57\" height=\"57\" viewBox=\"0 0 57 57\" fill=\"none\" class=\"svg-78bc347efc9ff6ac8115dabfc4f34071\">\n<path d=\"M25 8.1665H1.16667V55.8332H48.8333V31.9998\" stroke=\"white\" stroke-width=\"1.00088\" stroke-linejoin=\"round\" class=\"svg-78bc347efc9ff6ac8115dabfc4f34071-path-1\"\/>\n<path d=\"M25 32L48.8333 8.16668\" stroke=\"white\" stroke-width=\"1.00088\" stroke-linejoin=\"round\" class=\"svg-78bc347efc9ff6ac8115dabfc4f34071-path-2\"\/>\n<path d=\"M33.277 8.16654C39.3521 8.16655 42.7582 8.16655 48.8333 8.16655L48.8333 23.7229\" stroke=\"white\" stroke-width=\"1.00088\" stroke-linejoin=\"round\" class=\"svg-78bc347efc9ff6ac8115dabfc4f34071-path-3\"\/>\n<circle cx=\"18.5\" cy=\"38.4998\" r=\"3.5\" fill=\"#EFB68F\"\/>\n<\/svg><\/figure>\n<\/div>\n<\/div>\n<\/a>\n<\/li><li class=\"wp-block-post post-146947 page type-page status-publish has-post-thumbnail\">\n<a style=\"--color-bkg-hover:#1212128c;\" href=\"https:\/\/hotelclosgalion.fr\/de\/hotel-vue-mer-ile-de-re\/\"    class=\"gt-maillage-custom wp-block-tiptip-hyperlink-group-block\" >\n<figure class=\"wp-block-image\"><img decoding=\"async\" src=\"https:\/\/hotelclosgalion.fr\/wp-content\/uploads\/sites\/6\/2025\/02\/chambre-le-clos-du-galion-3.webp\" alt=\"Le Clos\" style=\"aspect-ratio:3\/4;object-fit:cover\" \/><\/figure>\n\n<figure class=\"wp-block-image size-full is-resized gt-maillage-custom__logo\"><img data-dominant-color=\"ffffff\" data-has-transparency=\"true\" decoding=\"async\" sizes=\"(max-width: 120px) 100vw, 120px\" src=\"https:\/\/hotelclosgalion.fr\/wp-content\/uploads\/sites\/4\/2025\/01\/hotel-galion-ile-de-re-logo.png\" alt=\"hotel galion ile de re logo\" class=\"wp-image-1562 has-transparency\" style=\"--dominant-color: #ffffff; width:120px;height:auto\" \/><\/figure>\n\n<div class=\"wp-block-group gt-maillage-custom__content has-base-color has-text-color has-link-color wp-elements-6905b5a23226fd6f796a0e8dd17b55c1 has-global-padding is-layout-constrained wp-container-core-group-is-layout-86dba5ee wp-block-group-is-layout-constrained\" style=\"padding-top:var(--wp--preset--spacing--10);padding-right:var(--wp--preset--spacing--10);padding-bottom:var(--wp--preset--spacing--10);padding-left:var(--wp--preset--spacing--10)\">\n<div class=\"wp-block-group is-content-justification-space-between is-nowrap is-layout-flex wp-container-core-group-is-layout-cb46ffcb wp-block-group-is-layout-flex\">\n<div class=\"wp-block-group is-vertical is-layout-flex wp-container-core-group-is-layout-4b827052 wp-block-group-is-layout-flex\"><p class=\"has-text-align-left has-brother-1816-font-family has-large-font-size\" style=\"margin-top:0;margin-bottom:0;font-style:normal;font-weight:400;line-height:1;text-transform:uppercase\">Le Clos<\/p><\/div>\n\n\n\n<figure class=\"wp-block-image size-large is-resized\"><svg xmlns=\"http:\/\/www.w3.org\/2000\/svg\" width=\"57\" height=\"57\" viewBox=\"0 0 57 57\" fill=\"none\" class=\"svg-78bc347efc9ff6ac8115dabfc4f34071\">\n<path d=\"M25 8.1665H1.16667V55.8332H48.8333V31.9998\" stroke=\"white\" stroke-width=\"1.00088\" stroke-linejoin=\"round\" class=\"svg-78bc347efc9ff6ac8115dabfc4f34071-path-1\"\/>\n<path d=\"M25 32L48.8333 8.16668\" stroke=\"white\" stroke-width=\"1.00088\" stroke-linejoin=\"round\" class=\"svg-78bc347efc9ff6ac8115dabfc4f34071-path-2\"\/>\n<path d=\"M33.277 8.16654C39.3521 8.16655 42.7582 8.16655 48.8333 8.16655L48.8333 23.7229\" stroke=\"white\" stroke-width=\"1.00088\" stroke-linejoin=\"round\" class=\"svg-78bc347efc9ff6ac8115dabfc4f34071-path-3\"\/>\n<circle cx=\"18.5\" cy=\"38.4998\" r=\"3.5\" fill=\"#EFB68F\"\/>\n<\/svg><\/figure>\n<\/div>\n<\/div>\n<\/a>\n<\/li><li class=\"wp-block-post post-146952 page type-page status-publish has-post-thumbnail\">\n<a style=\"--color-bkg-hover:#1212128c;\" href=\"https:\/\/hotelclosgalion.fr\/de\/hotel-piscine-ile-de-re\/\"    class=\"gt-maillage-custom wp-block-tiptip-hyperlink-group-block\" >\n<figure class=\"wp-block-image\"><img decoding=\"async\" src=\"https:\/\/hotelclosgalion.fr\/wp-content\/uploads\/sites\/6\/2025\/02\/hotel-galion-ile-de-re-piscine-turquoise-scaled-1.webp\" alt=\"Swimmingpool\" style=\"aspect-ratio:3\/4;object-fit:cover\" \/><\/figure>\n\n<figure class=\"wp-block-image size-full is-resized gt-maillage-custom__logo\"><img data-dominant-color=\"ffffff\" data-has-transparency=\"true\" decoding=\"async\" sizes=\"(max-width: 120px) 100vw, 120px\" src=\"https:\/\/hotelclosgalion.fr\/wp-content\/uploads\/sites\/4\/2025\/01\/hotel-galion-ile-de-re-logo.png\" alt=\"hotel galion ile de re logo\" class=\"wp-image-1562 has-transparency\" style=\"--dominant-color: #ffffff; width:120px;height:auto\" \/><\/figure>\n\n<div class=\"wp-block-group gt-maillage-custom__content has-base-color has-text-color has-link-color wp-elements-6905b5a23226fd6f796a0e8dd17b55c1 has-global-padding is-layout-constrained wp-container-core-group-is-layout-86dba5ee wp-block-group-is-layout-constrained\" style=\"padding-top:var(--wp--preset--spacing--10);padding-right:var(--wp--preset--spacing--10);padding-bottom:var(--wp--preset--spacing--10);padding-left:var(--wp--preset--spacing--10)\">\n<div class=\"wp-block-group is-content-justification-space-between is-nowrap is-layout-flex wp-container-core-group-is-layout-cb46ffcb wp-block-group-is-layout-flex\">\n<div class=\"wp-block-group is-vertical is-layout-flex wp-container-core-group-is-layout-4b827052 wp-block-group-is-layout-flex\"><p class=\"has-text-align-left has-brother-1816-font-family has-large-font-size\" style=\"margin-top:0;margin-bottom:0;font-style:normal;font-weight:400;line-height:1;text-transform:uppercase\">Swimmingpool<\/p><\/div>\n\n\n\n<figure class=\"wp-block-image size-large is-resized\"><svg xmlns=\"http:\/\/www.w3.org\/2000\/svg\" width=\"57\" height=\"57\" viewBox=\"0 0 57 57\" fill=\"none\" class=\"svg-78bc347efc9ff6ac8115dabfc4f34071\">\n<path d=\"M25 8.1665H1.16667V55.8332H48.8333V31.9998\" stroke=\"white\" stroke-width=\"1.00088\" stroke-linejoin=\"round\" class=\"svg-78bc347efc9ff6ac8115dabfc4f34071-path-1\"\/>\n<path d=\"M25 32L48.8333 8.16668\" stroke=\"white\" stroke-width=\"1.00088\" stroke-linejoin=\"round\" class=\"svg-78bc347efc9ff6ac8115dabfc4f34071-path-2\"\/>\n<path d=\"M33.277 8.16654C39.3521 8.16655 42.7582 8.16655 48.8333 8.16655L48.8333 23.7229\" stroke=\"white\" stroke-width=\"1.00088\" stroke-linejoin=\"round\" class=\"svg-78bc347efc9ff6ac8115dabfc4f34071-path-3\"\/>\n<circle cx=\"18.5\" cy=\"38.4998\" r=\"3.5\" fill=\"#EFB68F\"\/>\n<\/svg><\/figure>\n<\/div>\n<\/div>\n<\/a>\n<\/li><\/ul><\/div>\n\n\n\n<div style=\"height:128px\" aria-hidden=\"true\" class=\"wp-block-spacer gt-hide-mobile\"><\/div>\n<\/div>\n<\/div>\n","protected":false},"excerpt":{"rendered":"<p>Rechtliche Hinweise Verantwortlich f\u00fcr die Website L&#8217;ARMATEUR DU SOLEIL(SARL) 11 RUE DU FENOUIL &#8211; 66600 RIVESALTES Tel. \u00c0 VENIR Email: contact@larmateurdusoleil.fr SIREN: 452 293 954 Intrakommunale Mehrwertsteuer: FR90452293954 Gesellschaftskapital: 8045\u20ac Verantwortlich f\u00fcr die Ver\u00f6ffentlichung: \u00c0 VENIR REALISIERUNG GEEK TONICVertreten durch Herrn Yohan Darmayan in seiner Eigenschaft als Gesch\u00e4ftsf\u00fchrerGesch\u00e4ftssitz: 50 AV. DU LAC MARION 64200 BIARRITZTel.: [&hellip;]<\/p>\n","protected":false},"author":1,"featured_media":146933,"parent":0,"menu_order":72,"comment_status":"closed","ping_status":"closed","template":"","meta":{"_acf_changed":false,"_seopress_robots_primary_cat":"","_seopress_titles_title":"Rechtliche Hinweise","_seopress_titles_desc":"Lesen Sie die rechtlichen Hinweise des Hotels Le Clos du Galion in Saint-Martin-de-R\u00e9. Informationen \u00fcber den Schutz pers\u00f6nlicher Daten und die geltende Gesetzgebung ","_seopress_robots_index":"yes","inline_featured_image":false,"gt_fse_maillage_image":"https:\/\/hotelclosgalion.fr\/wp-content\/uploads\/sites\/6\/2025\/02\/wifi-hotel-clos-le-galion.webp","gt_fse_maillage_titre":"Rechtliche Hinweise","gt_fse_maillage_alt":"Rechtliche Hinweise","gt_fse_maillage_resume":"","_gt_maillage_image":0,"_gt_maillage_video":0,"_gt_maillage_title":"","footnotes":""},"categories":[],"tags":[],"class_list":["post-146932","page","type-page","status-publish","has-post-thumbnail"],"acf":[],"_links":{"self":[{"href":"https:\/\/hotelclosgalion.fr\/de\/wp-json\/wp\/v2\/pages\/146932","targetHints":{"allow":["GET"]}}],"collection":[{"href":"https:\/\/hotelclosgalion.fr\/de\/wp-json\/wp\/v2\/pages"}],"about":[{"href":"https:\/\/hotelclosgalion.fr\/de\/wp-json\/wp\/v2\/types\/page"}],"author":[{"embeddable":true,"href":"https:\/\/hotelclosgalion.fr\/de\/wp-json\/wp\/v2\/users\/1"}],"replies":[{"embeddable":true,"href":"https:\/\/hotelclosgalion.fr\/de\/wp-json\/wp\/v2\/comments?post=146932"}],"version-history":[{"count":2,"href":"https:\/\/hotelclosgalion.fr\/de\/wp-json\/wp\/v2\/pages\/146932\/revisions"}],"predecessor-version":[{"id":215698,"href":"https:\/\/hotelclosgalion.fr\/de\/wp-json\/wp\/v2\/pages\/146932\/revisions\/215698"}],"wp:featuredmedia":[{"embeddable":true,"href":"https:\/\/hotelclosgalion.fr\/de\/wp-json\/wp\/v2\/media\/146933"}],"wp:attachment":[{"href":"https:\/\/hotelclosgalion.fr\/de\/wp-json\/wp\/v2\/media?parent=146932"}],"wp:term":[{"taxonomy":"category","embeddable":true,"href":"https:\/\/hotelclosgalion.fr\/de\/wp-json\/wp\/v2\/categories?post=146932"},{"taxonomy":"post_tag","embeddable":true,"href":"https:\/\/hotelclosgalion.fr\/de\/wp-json\/wp\/v2\/tags?post=146932"}],"curies":[{"name":"wp","href":"https:\/\/api.w.org\/{rel}","templated":true}]}}